{"id":976,"date":"2020-08-17T17:18:44","date_gmt":"2020-08-17T15:18:44","guid":{"rendered":"http:\/\/domino-zentrum.de\/?page_id=976"},"modified":"2022-09-15T08:33:14","modified_gmt":"2022-09-15T06:33:14","slug":"cours-dintegration","status":"publish","type":"page","link":"https:\/\/domino-zentrum.de\/?page_id=976","title":{"rendered":"Cours d\u2019int\u00e9gration"},"content":{"rendered":"<p class=\"western\">Pour vivre en Allemagne, il faut \u00eatre capable de parler l\u2019allemand. Cela est important pour faire la connaissance de nouvelles gens, pour trouver du travail ou pour aider les enfants \u00e0 faire leurs devoirs. Il est aussi important d\u2019apprendre quelque chose sur l\u2019histoire, la soci\u00e9t\u00e9 et la culture du pays qu\u2019on habite.<\/p>\n<p class=\"western\">Vous apprenez toutes ces choses dans le cours d\u2019int\u00e9gration. Les cours s\u2019adressent aux \u00e9trangers vivant en Allemagne de mani\u00e8re prolong\u00e9e, aux citoyens de l\u2019UE ainsi qu&#8217;aux citoyens allemands ne disposant pas de connaissances suffisantes de la langue allemande.<\/p>\n<p class=\"western\">Pour savoir dans quelles conditions vous pouvez participer \u00e0 un cours d\u2019int\u00e9gration, cliquez\u00a0<a href=\"http:\/\/www.bamf.de\/DE\/Willkommen\/DeutschLernen\/Integrationskurse\/TeilnahmeKosten\/teilnahmekosten-node.html\">ici<\/a>.\u00a0Pour obtenir plus d\u2019information en votre langue maternelle, cliquez\u00a0<a href=\"http:\/\/www.bamf.de\/SharedDocs\/Anlagen\/DE\/Downloads\/Infothek\/Integrationskurse\/Kursteilnehmer\/Merkblaetter\/630-009_merkblatt-zum-antrag-auf-zulassung.html?nn=4261610\">ici<\/a>.<\/p>\n<p class=\"western\">Les cours d\u2019int\u00e9gration comprennent 700 heures et sont compos\u00e9s d\u2019un\u00a0<strong>cours de langue<\/strong>\u00a0(600 heures) et d\u2019un\u00a0<strong>cours d\u2019orientation<\/strong>\u00a0(100 heures).<\/p>\n<p class=\"western\"><strong>Cours de langue<\/strong><br \/>\nDans le cours de langue, vous apprendrez la langue allemande jusqu\u2019au niveau B1 du Cadre europ\u00e9en commun de r\u00e9f\u00e9rence. Ainsi, vous serez capable de\u00a0vous faire comprendre et de vous orienter\u00a0dans la vie quotidienne.<\/p>\n<p class=\"western\"><strong>Cours d\u2019orientation<\/strong><br \/>\nDans le cours d\u2019orientation, vous apprendrez quelque chose sur l\u2019histoire, la soci\u00e9t\u00e9 et la culture de l\u2019Allemagne. Vous serez aussi familiaris\u00e9s avec les valeurs importantes du syst\u00e8me d\u00e9mocratique allemand.<\/p>\n<p class=\"western\"><strong>Examen final<\/strong><br \/>\nL\u2019examen final est compos\u00e9 de deux parties : le test d\u2019allemand pour immigr\u00e9s\u00a0(<strong>\u201eDeutsch-Test f\u00fcr Zuwanderer\u201c<\/strong>)\u00a0et du test du cours d\u2019orientation\u00a0(<strong>\u201eLeben in Deutschland\u201c<\/strong>).<\/p>\n<p class=\"western\"><strong>Participation aux frais<br \/>\n<\/strong>229,\u2013 EUR par module (exemption possible dans certains cas)<\/p>\n<p class=\"western\"><strong>Inscription<\/strong><br \/>\nPour vous inscrire au cours d\u2019int\u00e9gration, vous avez besoin des documents suivants :<\/p>\n<ul>\n<li>un certificat d\u2019autorisation de l\u2019Office f\u00e9d\u00e9ral des migrations et des r\u00e9fugi\u00e9s<\/li>\n<li>une pi\u00e8ce d\u2019identit\u00e9<\/li>\n<\/ul>\n<p>Si vous ne poss\u00e9dez pas un certificat d\u2019autorisation, nous vous aiderons volontiers \u00e0 la demande.<\/p>\n<p class=\"western\"><strong>Horaires du cours<\/strong><br \/>\nLes cours d\u2019int\u00e9gration se tiennent aux jours et aux horaires suivants :<\/p>\n<table style=\"width: 440px;\">\n<tbody>\n<tr>\n<td style=\"width: 140px;\">Jours\u00a0:<\/td>\n<td style=\"width: 300px;\">Lundi \u2013\u00a0Vendredi<\/td>\n<\/tr>\n<tr>\n<td style=\"width: 140px;\">Horaires\u00a0:<\/td>\n<td style=\"width: 300px;\">08:30\u00a0h \u2013 12:30 h (cours du matin)<br \/>\n13:00 h \u2013 17:00 h (cours de l\u2019apr\u00e8s-midi)<br \/>\n17:00 h \u2013 21:00 h (cours du soir)<\/td>\n<\/tr>\n<\/tbody>\n<\/table>\n<p class=\"western\"><b>Dates du cours<\/b><br \/>\nTous les niveaux de cours ne sont pas offerts aux diff\u00e9rentes horaires chaque mois. Veuillez nos indiquer d\u2019avance quel cours vous souhaitez assister.<\/p>\n<p class=\"western\"><strong>Livres<\/strong><br \/>\nActuellement, nous utilisons les livres suivants dans nos cours d\u2019int\u00e9gration\u00a0:<\/p>\n<table style=\"width: 500px;\">\n<tbody>\n<tr>\n<td style=\"width: 140px;\">Module 1 (A1.1):<\/td>\n<td style=\"width: 360px;\">Schritte plus Neu 1 (ISBN 978-3-19-301081-0)<\/td>\n<\/tr>\n<tr>\n<td style=\"width: 140px;\">Module 2 (A1.2):<\/td>\n<td style=\"width: 360px;\">Schritte plus Neu 2 (ISBN 978-3-19-601081-7)<\/td>\n<\/tr>\n<tr>\n<td style=\"width: 140px;\">Module 3 (A2.1):<\/td>\n<td style=\"width: 360px;\">Schritte plus Neu 3 (ISBN 978-3-19-301083-4)<\/td>\n<\/tr>\n<tr>\n<td style=\"width: 140px;\">Module 4 (A2.2):<\/td>\n<td style=\"width: 360px;\">Schritte plus Neu 4 (ISBN 978-3-19-601083-1)<\/td>\n<\/tr>\n<tr>\n<td style=\"width: 140px;\">Module 5 (B1.1):<\/td>\n<td style=\"width: 360px;\">Schritte plus Neu 5 (ISBN 978-3-19-301085-8)<\/td>\n<\/tr>\n<tr>\n<td style=\"width: 140px;\">Module 6 (B1.2):<\/td>\n<td style=\"width: 360px;\">Schritte plus Neu 6 (ISBN 978-3-19-601085-5)<\/td>\n<\/tr>\n<tr>\n<td style=\"width: 140px;\">Cours d\u2019orientation:<\/td>\n<td style=\"width: 360px;\">Mein Leben in Deutschland (ISBN 978-3-19-011499-3)<\/td>\n<\/tr>\n<\/tbody>\n<\/table>\n<p class=\"western\">Veuillez acheter les livres avant le d\u00e9but du cours, s.v.p.\u00a0Veuillez installer aussi les applications du cours de langue\u00a0(<a href=\"https:\/\/www.hueber.de\/schritte-plus-neu\/app\">ici<\/a>)\u00a0et du cours d\u2019orientation (<a href=\"https:\/\/www.hueber.de\/orientierungskurs\/app\">ici<\/a>) et t\u00e9l\u00e9charger les fichiers audio\/vid\u00e9o.<\/p>\n","protected":false},"excerpt":{"rendered":"<p>Pour vivre en Allemagne, il faut \u00eatre capable de parler l\u2019allemand. Cela est important pour faire la connaissance de nouvelles gens, pour trouver du travail ou pour aider les enfants \u00e0 faire leurs devoirs. Il est aussi important d\u2019apprendre quelque chose sur l\u2019histoire, la soci\u00e9t\u00e9 et la culture du pays qu\u2019on habite. Vous apprenez toutes&#8230;<\/p>\n","protected":false},"author":2,"featured_media":0,"parent":0,"menu_order":0,"comment_status":"closed","ping_status":"closed","template":"","meta":[],"_links":{"self":[{"href":"https:\/\/domino-zentrum.de\/index.php?rest_route=\/wp\/v2\/pages\/976"}],"collection":[{"href":"https:\/\/domino-zentrum.de\/index.php?rest_route=\/wp\/v2\/pages"}],"about":[{"href":"https:\/\/domino-zentrum.de\/index.php?rest_route=\/wp\/v2\/types\/page"}],"author":[{"embeddable":true,"href":"https:\/\/domino-zentrum.de\/index.php?rest_route=\/wp\/v2\/users\/2"}],"replies":[{"embeddable":true,"href":"https:\/\/domino-zentrum.de\/index.php?rest_route=%2Fwp%2Fv2%2Fcomments&post=976"}],"version-history":[{"count":21,"href":"https:\/\/domino-zentrum.de\/index.php?rest_route=\/wp\/v2\/pages\/976\/revisions"}],"predecessor-version":[{"id":1102,"href":"https:\/\/domino-zentrum.de\/index.php?rest_route=\/wp\/v2\/pages\/976\/revisions\/1102"}],"wp:attachment":[{"href":"https:\/\/domino-zentrum.de\/index.php?rest_route=%2Fwp%2Fv2%2Fmedia&parent=976"}],"curies":[{"name":"wp","href":"https:\/\/api.w.org\/{rel}","templated":true}]}}