{"id":968,"date":"2020-02-26T17:54:53","date_gmt":"2020-02-26T16:54:53","guid":{"rendered":"http:\/\/domino-zentrum.de\/?page_id=968"},"modified":"2022-09-15T08:34:58","modified_gmt":"2022-09-15T06:34:58","slug":"integrationskurse","status":"publish","type":"page","link":"https:\/\/domino-zentrum.de\/?page_id=968","title":{"rendered":"Integrationskurse"},"content":{"rendered":"<p class=\"western\">Wenn man in Deutschland lebt, sollte man Deutsch sprechen k\u00f6nnen. Das ist wichtig, wenn man neue Menschen kennenlernen m\u00f6chte, Arbeit sucht oder den Kindern bei den Schulaufgaben helfen m\u00f6chte.\u00a0Au\u00dferdem ist es wichtig, etwas \u00fcber die Geschichte, Gesellschaft und Kultur des Landes zu erfahren, in dem man lebt.<\/p>\n<p class=\"western\">All dieses Dinge lernen Sie im Integrationskurs. Die Kurse richten sich gezielt an dauerhaft in Deutschland lebende Ausl\u00e4nder, an EU-B\u00fcrger sowie an deutsche Staatsangeh\u00f6rige, die nicht \u00fcber ausreichende deutsche Sprachkenntnisse verf\u00fcgen.<\/p>\n<p class=\"western\">Unter welchen Voraussetzungen Sie an einem Integrationskurs teilnehmen k\u00f6nnen, erfahren Sie\u00a0<a href=\"http:\/\/www.bamf.de\/DE\/Willkommen\/DeutschLernen\/Integrationskurse\/TeilnahmeKosten\/teilnahmekosten-node.html\" target=\"_blank\" rel=\"noopener noreferrer\">hier<\/a>. Weitere Informationen in Ihrer Muttersprache finden Sie\u00a0<a href=\"http:\/\/www.bamf.de\/SharedDocs\/Anlagen\/DE\/Downloads\/Infothek\/Integrationskurse\/Kursteilnehmer\/Merkblaetter\/630-009_merkblatt-zum-antrag-auf-zulassung.html?nn=4261610\">hier<\/a>.<\/p>\n<p class=\"western\">Die Integrationskurse\u00a0umfassen 700 Unterrichtseinheiten und bestehen aus einem\u00a0<strong>Sprachkurs<\/strong>\u00a0(600 UE) und einem\u00a0<strong>Orientierungskurs<\/strong>\u00a0(100 UE).<\/p>\n<p class=\"western\"><strong>Sprachkurs<\/strong><br \/>\nIm Sprachkurs lernen Sie die deutsche Sprache bis zum Niveau B1 des Gemeinsamen Europ\u00e4ischen Referenzrahmens. Dadurch k\u00f6nnen Sie sich im Alltag verst\u00e4ndigen und zurechtfinden.<\/p>\n<p class=\"western\"><strong>Orientierungskurs<\/strong><br \/>\nIm Orientierungskurs lernen Sie etwas \u00fcber die deutsche Geschichte, Gesellschaft und Kultur. Sie lernen auch die Werte des demokratischen Systems in Deutschland kennen.<\/p>\n<p class=\"western\"><strong>Abschlusspr\u00fcfung<\/strong><br \/>\nDie Abschlusspr\u00fcfung besteht aus zwei Teilen: der Sprachpr\u00fcfung\u00a0<strong>\u201eDeutsch-Test f\u00fcr Zuwanderer\u201c<\/strong> und dem Test <strong>\u201eLeben in Deutschland\u201c<\/strong>.<\/p>\n<p class=\"western\"><strong>Kostenbeteiligung<br \/>\n<\/strong>229,\u2013 EUR pro Modul (Kostenbefreiung in manchen F\u00e4llen m\u00f6glich)<\/p>\n<p class=\"western\"><strong>Anmeldung<\/strong><br \/>\nUm sich f\u00fcr einen Integrationskurs anzumelden, ben\u00f6tigen Sie folgende Dokumente:<\/p>\n<ul>\n<li class=\"western\">einen\u00a0Berechtigungsschein vom Bundesamt f\u00fcr Migration und Fl\u00fcchtlinge<\/li>\n<li class=\"western\">ein Ausweisdokument<\/li>\n<\/ul>\n<p>Sollten Sie keinen Berechtigungsschein haben, helfen wir Ihnen bei der Beantragung.<\/p>\n<p class=\"western\"><b>Unterrichtszeiten<\/b><br \/>\nDie Integrationskurse finden an folgenden Tagen und zu folgenden Zeiten statt:<\/p>\n<table style=\"width: 440px;\">\n<tbody>\n<tr>\n<td style=\"width: 140px;\">Unterrichtstage:<\/td>\n<td style=\"width: 300px;\">Montag \u2013 Freitag<\/td>\n<\/tr>\n<tr>\n<td style=\"width: 140px;\">Unterrichtszeiten:<\/td>\n<td style=\"width: 300px;\">08:30 Uhr \u2013 12:30 Uhr (Vormittagskurse)<br \/>\n13:00 Uhr \u2013 17:00\u00a0Uhr (Nachmittagskurse)<br \/>\n17:15 Uhr \u2013 21:15\u00a0Uhr (Abendkurse)<\/td>\n<\/tr>\n<\/tbody>\n<\/table>\n<p class=\"western\"><b>Kurstermine<\/b><br \/>\nNicht zu allen Terminen finden alle Kurse in allen Modulen statt. Bitte erkundigen Sie sich fr\u00fchzeitig und teilen Sie uns mit, welches Niveau Sie besuchen m\u00f6chten.<\/p>\n<p class=\"western\"><strong>B\u00fccher<\/strong><br \/>\nDerzeit benutzen wir folgende B\u00fccher in unseren Integrationskursen:<\/p>\n<table style=\"width: 500px;\">\n<tbody>\n<tr>\n<td style=\"width: 140px;\">Modul 1 (A1.1):<\/td>\n<td style=\"width: 360px;\">Schritte plus Neu 1 (ISBN 978-3-19-301081-0)<\/td>\n<\/tr>\n<tr>\n<td style=\"width: 140px;\">Modul 2 (A1.2):<\/td>\n<td style=\"width: 360px;\">Schritte plus Neu 2 (ISBN 978-3-19-601081-7)<\/td>\n<\/tr>\n<tr>\n<td style=\"width: 140px;\">Modul 3 (A2.1):<\/td>\n<td style=\"width: 360px;\">Schritte plus Neu 3 (ISBN 978-3-19-301083-4)<\/td>\n<\/tr>\n<tr>\n<td style=\"width: 140px;\">Modul 4 (A2.2):<\/td>\n<td style=\"width: 360px;\">Schritte plus Neu 4 (ISBN 978-3-19-601083-1)<\/td>\n<\/tr>\n<tr>\n<td style=\"width: 140px;\">Modul 5 (B1.1):<\/td>\n<td style=\"width: 360px;\">Schritte plus Neu 5 (ISBN 978-3-19-301085-8)<\/td>\n<\/tr>\n<tr>\n<td style=\"width: 140px;\">Modul 6 (B1.2):<\/td>\n<td style=\"width: 360px;\">Schritte plus Neu 6 (ISBN 978-3-19-601085-5)<\/td>\n<\/tr>\n<tr>\n<td style=\"width: 140px;\">Orientierungskurs:<\/td>\n<td style=\"width: 360px;\">Mein Leben in Deutschland (ISBN 978-3-19-011499-3)<\/td>\n<\/tr>\n<\/tbody>\n<\/table>\n<p class=\"western\">Bitte kaufen Sie Ihre B\u00fccher vor Kursbeginn. Bitte\u00a0installieren Sie au\u00dferdem die kostenlose App zum Sprachkurs (<a href=\"https:\/\/www.hueber.de\/schritte-plus-neu\/app\">hier<\/a>) bzw. zum Orientierungskurs (<a href=\"https:\/\/www.hueber.de\/orientierungskurs\/app\">hier<\/a>)\u00a0und laden die Audio-\/Video-Dateien.<\/p>\n","protected":false},"excerpt":{"rendered":"<p>Wenn man in Deutschland lebt, sollte man Deutsch sprechen k\u00f6nnen. Das ist wichtig, wenn man neue Menschen kennenlernen m\u00f6chte, Arbeit sucht oder den Kindern bei den Schulaufgaben helfen m\u00f6chte.\u00a0Au\u00dferdem ist es wichtig, etwas \u00fcber die Geschichte, Gesellschaft und Kultur des Landes zu erfahren, in dem man lebt. All dieses Dinge lernen Sie im Integrationskurs. Die&#8230;<\/p>\n","protected":false},"author":2,"featured_media":0,"parent":0,"menu_order":0,"comment_status":"closed","ping_status":"closed","template":"","meta":[],"_links":{"self":[{"href":"https:\/\/domino-zentrum.de\/index.php?rest_route=\/wp\/v2\/pages\/968"}],"collection":[{"href":"https:\/\/domino-zentrum.de\/index.php?rest_route=\/wp\/v2\/pages"}],"about":[{"href":"https:\/\/domino-zentrum.de\/index.php?rest_route=\/wp\/v2\/types\/page"}],"author":[{"embeddable":true,"href":"https:\/\/domino-zentrum.de\/index.php?rest_route=\/wp\/v2\/users\/2"}],"replies":[{"embeddable":true,"href":"https:\/\/domino-zentrum.de\/index.php?rest_route=%2Fwp%2Fv2%2Fcomments&post=968"}],"version-history":[{"count":26,"href":"https:\/\/domino-zentrum.de\/index.php?rest_route=\/wp\/v2\/pages\/968\/revisions"}],"predecessor-version":[{"id":1105,"href":"https:\/\/domino-zentrum.de\/index.php?rest_route=\/wp\/v2\/pages\/968\/revisions\/1105"}],"wp:attachment":[{"href":"https:\/\/domino-zentrum.de\/index.php?rest_route=%2Fwp%2Fv2%2Fmedia&parent=968"}],"curies":[{"name":"wp","href":"https:\/\/api.w.org\/{rel}","templated":true}]}}