{"id":904,"date":"2019-04-29T13:03:35","date_gmt":"2019-04-29T11:03:35","guid":{"rendered":"http:\/\/domino-zentrum.de\/?page_id=904"},"modified":"2019-04-29T13:03:35","modified_gmt":"2019-04-29T11:03:35","slug":"so-finden-sie-uns","status":"publish","type":"page","link":"https:\/\/domino-zentrum.de\/?page_id=904","title":{"rendered":"So finden Sie uns"},"content":{"rendered":"<p>Das Domino-Zentrum befindet sich in der Kaiser-Wilhelm-Stra\u00dfe 21, zentral in der Ludwigshafener Innenstadt und in unmittelbarer N\u00e4he der Fu\u00dfg\u00e4ngerzone. In f\u00fcnf bis zehn Minuten sind Sie fu\u00dfl\u00e4ufig am Berliner Platz, am Rathausplatz oder an der Rhein-Galerie.<\/p>\n<p>Auch mit \u00f6ffentlichen Verkehrsmitteln sind wir gut zu erreichen: Direkt vor unserer Haust\u00fcr befindet sich die Haltestelle Kaiser-Wilhelm-Stra\u00dfe (STR-Linien 4 und 9).\u00a0Von der Haltestelle Berliner Platz (zahlreiche weitere STR- und Buslinien) und dem Bahnhof Ludwigshafen Mitte erreichen Sie uns in f\u00fcnf Minuten zu Fu\u00df.<\/p>\n<p>Wie so oft in Innenst\u00e4dten sind Parkpl\u00e4tze leider rar. Es gibt jedoch mehrere Parkh\u00e4user in der N\u00e4he, zum Beispiel im B\u00fcrgerhof und am Theaterplatz.<\/p>\n<p><iframe loading=\"lazy\" src=\"https:\/\/www.google.com\/maps\/d\/embed?mid=1vInF479fzdyb_0gcz8p6cXyhwzQUgoOx\" width=\"640\" height=\"480\"><\/iframe><\/p>\n","protected":false},"excerpt":{"rendered":"<p>Das Domino-Zentrum befindet sich in der Kaiser-Wilhelm-Stra\u00dfe 21, zentral in der Ludwigshafener Innenstadt und in unmittelbarer N\u00e4he der Fu\u00dfg\u00e4ngerzone. In f\u00fcnf bis zehn Minuten sind Sie fu\u00dfl\u00e4ufig am Berliner Platz, am Rathausplatz oder an der Rhein-Galerie. Auch mit \u00f6ffentlichen Verkehrsmitteln sind wir gut zu erreichen: Direkt vor unserer Haust\u00fcr befindet sich die Haltestelle Kaiser-Wilhelm-Stra\u00dfe (STR-Linien&#8230;<\/p>\n","protected":false},"author":2,"featured_media":0,"parent":0,"menu_order":0,"comment_status":"closed","ping_status":"closed","template":"","meta":[],"_links":{"self":[{"href":"https:\/\/domino-zentrum.de\/index.php?rest_route=\/wp\/v2\/pages\/904"}],"collection":[{"href":"https:\/\/domino-zentrum.de\/index.php?rest_route=\/wp\/v2\/pages"}],"about":[{"href":"https:\/\/domino-zentrum.de\/index.php?rest_route=\/wp\/v2\/types\/page"}],"author":[{"embeddable":true,"href":"https:\/\/domino-zentrum.de\/index.php?rest_route=\/wp\/v2\/users\/2"}],"replies":[{"embeddable":true,"href":"https:\/\/domino-zentrum.de\/index.php?rest_route=%2Fwp%2Fv2%2Fcomments&post=904"}],"version-history":[{"count":5,"href":"https:\/\/domino-zentrum.de\/index.php?rest_route=\/wp\/v2\/pages\/904\/revisions"}],"predecessor-version":[{"id":909,"href":"https:\/\/domino-zentrum.de\/index.php?rest_route=\/wp\/v2\/pages\/904\/revisions\/909"}],"wp:attachment":[{"href":"https:\/\/domino-zentrum.de\/index.php?rest_route=%2Fwp%2Fv2%2Fmedia&parent=904"}],"curies":[{"name":"wp","href":"https:\/\/api.w.org\/{rel}","templated":true}]}}