{"id":876,"date":"2019-11-05T12:21:05","date_gmt":"2019-11-05T11:21:05","guid":{"rendered":"http:\/\/domino-zentrum.de\/?page_id=876"},"modified":"2019-11-05T12:21:05","modified_gmt":"2019-11-05T11:21:05","slug":"interessenten-aus-arabischen-laendern","status":"publish","type":"page","link":"https:\/\/domino-zentrum.de\/?page_id=876","title":{"rendered":"Interessenten aus arabischen L\u00e4ndern"},"content":{"rendered":"<p class=\"western\">F\u00fcr Interessentinnen und Interessenten aus arabischen L\u00e4ndern, die sich auf ein Studium oder eine Facharztausbildung in Deutschland vorbereiten m\u00f6chten, bietet unser Kooperationspartner <em>Assist in Germany<\/em> ein \u201eRundumpaket\u201c an. Neben dem eigentlichen Sprachkurs geh\u00f6ren dazu weitere Dienstleistungen von Beantragung des Visums \u00fcber die Hilfe bei der Wohnungssuche bis zur Abholung am Flughafen.<\/p>\n<p class=\"western\">F\u00fcr weitere Informationen wenden Sie sich bitte direkt an <em>Assist in Germany<\/em>:<\/p>\n<p class=\"western\"><a href=\"https:\/\/www.assist-germany.com\"><img decoding=\"async\" loading=\"lazy\" class=\"alignnone size-medium wp-image-877\" src=\"http:\/\/domino-zentrum.de\/wp-content\/uploads\/2018\/09\/ASSSIST-in-Germany_Logo-300x166.jpg\" alt=\"\" width=\"300\" height=\"166\" srcset=\"https:\/\/domino-zentrum.de\/wp-content\/uploads\/2018\/09\/ASSSIST-in-Germany_Logo-300x166.jpg 300w, https:\/\/domino-zentrum.de\/wp-content\/uploads\/2018\/09\/ASSSIST-in-Germany_Logo-768x426.jpg 768w, https:\/\/domino-zentrum.de\/wp-content\/uploads\/2018\/09\/ASSSIST-in-Germany_Logo.jpg 856w\" sizes=\"(max-width: 300px) 100vw, 300px\" \/><\/a><\/p>\n","protected":false},"excerpt":{"rendered":"<p>F\u00fcr Interessentinnen und Interessenten aus arabischen L\u00e4ndern, die sich auf ein Studium oder eine Facharztausbildung in Deutschland vorbereiten m\u00f6chten, bietet unser Kooperationspartner Assist in Germany ein \u201eRundumpaket\u201c an. Neben dem eigentlichen Sprachkurs geh\u00f6ren dazu weitere Dienstleistungen von Beantragung des Visums \u00fcber die Hilfe bei der Wohnungssuche bis zur Abholung am Flughafen. F\u00fcr weitere Informationen wenden&#8230;<\/p>\n","protected":false},"author":2,"featured_media":0,"parent":0,"menu_order":0,"comment_status":"closed","ping_status":"closed","template":"","meta":[],"_links":{"self":[{"href":"https:\/\/domino-zentrum.de\/index.php?rest_route=\/wp\/v2\/pages\/876"}],"collection":[{"href":"https:\/\/domino-zentrum.de\/index.php?rest_route=\/wp\/v2\/pages"}],"about":[{"href":"https:\/\/domino-zentrum.de\/index.php?rest_route=\/wp\/v2\/types\/page"}],"author":[{"embeddable":true,"href":"https:\/\/domino-zentrum.de\/index.php?rest_route=\/wp\/v2\/users\/2"}],"replies":[{"embeddable":true,"href":"https:\/\/domino-zentrum.de\/index.php?rest_route=%2Fwp%2Fv2%2Fcomments&post=876"}],"version-history":[{"count":5,"href":"https:\/\/domino-zentrum.de\/index.php?rest_route=\/wp\/v2\/pages\/876\/revisions"}],"predecessor-version":[{"id":1009,"href":"https:\/\/domino-zentrum.de\/index.php?rest_route=\/wp\/v2\/pages\/876\/revisions\/1009"}],"wp:attachment":[{"href":"https:\/\/domino-zentrum.de\/index.php?rest_route=%2Fwp%2Fv2%2Fmedia&parent=876"}],"curies":[{"name":"wp","href":"https:\/\/api.w.org\/{rel}","templated":true}]}}