{"id":871,"date":"2018-09-25T12:23:47","date_gmt":"2018-09-25T10:23:47","guid":{"rendered":"http:\/\/domino-zentrum.de\/?page_id=871"},"modified":"2024-01-30T09:16:16","modified_gmt":"2024-01-30T08:16:16","slug":"cours-de-langue-intensifs-niveaux-a1-a-c1","status":"publish","type":"page","link":"https:\/\/domino-zentrum.de\/?page_id=871","title":{"rendered":"Cours de langue intensifs (niveaux A1 \u00e0 C1)"},"content":{"rendered":"<p class=\"western\">Nos cours de langue intensifs se composent de deux modules de quatre semaines par niveau faisant un total de 160 heures (de cours). De nouveaux cours \u00e0 tous niveaux commencent d\u2019habitude tous les deux mois.<\/p>\n<p class=\"western\">En peu de temps, vous apprendrez la grammaire, le vocabulaire et des expressions courantes. Vous conna\u00eetrez aussi beaucoup d\u2019aspects sur la culture, la soci\u00e9t\u00e9 et la mentalit\u00e9 allemandes. Et la petite taille de nos cours et l\u2019engagement individuel de nos enseignants vous aidera \u00e0 am\u00e9liorer vos connaissances. En plus, vous ferez connaissance de personnes de beaucoup de diff\u00e9rents pays et cultures.<\/p>\n<p class=\"western\">Si vous avez d\u00e9j\u00e0 suivi un cours d\u2019allemand et\/ou vous n\u2019\u00eates pas s\u00fbr quel niveau vous convient le mieux, vous pouvez passer un test de positionnement gratuit.<\/p>\n<p class=\"western\"><b>Horaires des cours<\/b><br \/>\nNos cours se tiennent quatre ou cinq jours par semaine aux horaires suivants\u00a0:<\/p>\n<table style=\"width: 600px;\">\n<tbody>\n<tr>\n<td style=\"width: 300px;\">Matin<\/td>\n<td style=\"width: 300px;\">08:30 h \u2013 12:30 h<\/td>\n<\/tr>\n<tr>\n<td style=\"width: 300px;\">Apr\u00e8s-midi<\/td>\n<td style=\"width: 300px;\">13:00 h \u2013 17:00 h<\/td>\n<\/tr>\n<tr>\n<td style=\"width: 300px;\">Soir<\/td>\n<td style=\"width: 300px;\">17:15 h \u2013 21:15 h<\/td>\n<\/tr>\n<\/tbody>\n<\/table>\n<p class=\"western\"><b>Dates des cours<\/b><br \/>\nTous les niveaux de cours ne sont pas offerts aux diff\u00e9rentes horaires chaque mois. Veuillez nos indiquer d\u2019avance quel cours vous souhaitez assister.<\/p>\n<p class=\"western\"><b>Livres<\/b><br \/>\nActuellement, nous utilisons les livres suivants dans nos cours\u00a0:<\/p>\n<table style=\"width: 500px;\">\n<tbody>\n<tr>\n<td style=\"width: 140px;\">A1.1:<\/td>\n<td style=\"width: 360px;\">Schritte plus Neu 1 (ISBN 978-3-19-301081-0)<\/td>\n<\/tr>\n<tr>\n<td style=\"width: 140px;\">A1.2:<\/td>\n<td style=\"width: 360px;\">Schritte plus Neu 2 (ISBN 978-3-19-601081-7)<\/td>\n<\/tr>\n<tr>\n<td style=\"width: 140px;\">A2.1:<\/td>\n<td style=\"width: 360px;\">Schritte plus Neu 3 (ISBN 978-3-19-301083-4)<\/td>\n<\/tr>\n<tr>\n<td style=\"width: 140px;\">A2.2:<\/td>\n<td style=\"width: 360px;\">Schritte plus Neu 4 (ISBN 978-3-19-601083-1)<\/td>\n<\/tr>\n<tr>\n<td style=\"width: 140px;\">B1.1:<\/td>\n<td style=\"width: 360px;\">Schritte plus Neu 5 (ISBN 978-3-19-301085-8)<\/td>\n<\/tr>\n<tr>\n<td style=\"width: 140px;\">B1.2:<\/td>\n<td style=\"width: 360px;\">Schritte plus Neu 6 (ISBN 978-3-19-601085-5)<\/td>\n<\/tr>\n<tr>\n<td style=\"width: 50px;\">B2.1\/B2.2:<\/td>\n<td style=\"width: 450px;\">Erkundungen B2 (ISBN 978-3-941323-24-7)<\/td>\n<\/tr>\n<tr>\n<td style=\"width: 50px;\">C1.1\/C1.2:<\/td>\n<td style=\"width: 450px;\">Erkundungen C1 (ISBN 978-3-929526-97-4)<\/td>\n<\/tr>\n<\/tbody>\n<\/table>\n<p class=\"western\">Veuillez acheter les livres avant le d\u00e9but du cours, s.v.p.\u00a0Pour les niveaux A1 \u00e0 B1, veuillez installer aussi les applications du cours de langue\u00a0(<a href=\"https:\/\/www.hueber.de\/schritte-plus-neu\/app\">ici<\/a>)\u00a0et du cours d\u2019orientation (<a href=\"https:\/\/www.hueber.de\/orientierungskurs\/app\">ici<\/a>) et t\u00e9l\u00e9charger les fichiers audio\/vid\u00e9o.<\/p>\n<p class=\"western\"><b>Le\u00e7ons particuli\u00e8res<\/b><br \/>\nEn plus de nos cours intensifs, nous offrons aussi des\u00a0le\u00e7ons particuli\u00e8res individuelles. Si cela vous int\u00e9resse, n\u2019h\u00e9sitez pas \u00e0 venir nous voir ou \u00e0 nous contacter par <a href=\"mailto:info@domino-zentrum.de\">e-mail<\/a>.<\/p>\n","protected":false},"excerpt":{"rendered":"<p>Nos cours de langue intensifs se composent de deux modules de quatre semaines par niveau faisant un total de 160 heures (de cours). De nouveaux cours \u00e0 tous niveaux commencent d\u2019habitude tous les deux mois. En peu de temps, vous apprendrez la grammaire, le vocabulaire et des expressions courantes. Vous conna\u00eetrez aussi beaucoup d\u2019aspects sur&#8230;<\/p>\n","protected":false},"author":2,"featured_media":0,"parent":0,"menu_order":0,"comment_status":"closed","ping_status":"closed","template":"","meta":[],"_links":{"self":[{"href":"https:\/\/domino-zentrum.de\/index.php?rest_route=\/wp\/v2\/pages\/871"}],"collection":[{"href":"https:\/\/domino-zentrum.de\/index.php?rest_route=\/wp\/v2\/pages"}],"about":[{"href":"https:\/\/domino-zentrum.de\/index.php?rest_route=\/wp\/v2\/types\/page"}],"author":[{"embeddable":true,"href":"https:\/\/domino-zentrum.de\/index.php?rest_route=\/wp\/v2\/users\/2"}],"replies":[{"embeddable":true,"href":"https:\/\/domino-zentrum.de\/index.php?rest_route=%2Fwp%2Fv2%2Fcomments&post=871"}],"version-history":[{"count":13,"href":"https:\/\/domino-zentrum.de\/index.php?rest_route=\/wp\/v2\/pages\/871\/revisions"}],"predecessor-version":[{"id":1111,"href":"https:\/\/domino-zentrum.de\/index.php?rest_route=\/wp\/v2\/pages\/871\/revisions\/1111"}],"wp:attachment":[{"href":"https:\/\/domino-zentrum.de\/index.php?rest_route=%2Fwp%2Fv2%2Fmedia&parent=871"}],"curies":[{"name":"wp","href":"https:\/\/api.w.org\/{rel}","templated":true}]}}