{"id":802,"date":"2018-07-11T09:16:47","date_gmt":"2018-07-11T09:16:47","guid":{"rendered":"http:\/\/domino-zentrum.de\/?page_id=802"},"modified":"2018-07-30T08:25:01","modified_gmt":"2018-07-30T06:25:01","slug":"qui-sommes-nous-2","status":"publish","type":"page","link":"https:\/\/domino-zentrum.de\/?page_id=802","title":{"rendered":"Qui sommes-nous ?"},"content":{"rendered":"<p lang=\"zxx\" align=\"justify\">Domino-Zentrum f\u00fcr Bildung und Erziehung a \u00e9t\u00e9 fond\u00e9 en d\u00e9but d\u2019ann\u00e9e 2015 et registr\u00e9 en tant qu\u2019organisation \u00e0 but non-lucratif depuis le 1<sup><small>er<\/small><\/sup> janvier 2016. L\u2019objectif de notre association est d\u2019apporter notre soutien aux enfants, aux jeunes et aux adultes. Notre travail ne se r\u00e9duit pas \u00e0 la transmission de connaissances livresques. Nous attachons aussi une grande importance aux aspects sociaux et int\u00e9gratifs. Cette philosophie nous distingue des autres \u00e9coles de langues.<\/p>\n<p lang=\"zxx\" align=\"justify\">Nos cours de langues suivent deux objectifs. L\u2019attention principale est \u00e9videmment focalis\u00e9e sur l\u2019enseignement intensif de langue ce qui permet aux participants d\u2019am\u00e9liorer leurs connaissances en allemand. En peu de temps, ils sont capables de se faire comprendre dans la vie de tous les jours et de passer des examens de langue ce qui leur permet d\u2019entamer un travail ou de faire des \u00e9tudes. De plus, nous encourageons l\u2019\u00e9change interculturel et l\u2019int\u00e9gration sociale que nous estimons aussi importants que les connaissances de langue. Comme nos cours sont normalement plus petits compar\u00e9s \u00e0 d\u2019autres \u00e9coles de langues, nos participants d\u00e9veloppent tr\u00e8s vite un sentiment d\u2019appartenance. Des gens de diff\u00e9rentes cultures, de diff\u00e9rents \u00e2ges et de tous milieux apprennent \u00e0 se conna\u00eetre et \u00e0 s\u2019appr\u00e9cier les uns les autres. Ils s\u2019\u00e9changent mutuellement sur les exp\u00e9riences de leurs premiers mois en Allemagne ou sur leurs projets d\u2019avenir, se donnent des conseils sur la vie de tous les jours\u2026 et font tout cela naturellement en langue allemande. Dans nos cours se cr\u00e9ent des liens d\u2019amiti\u00e9s durables. Les participants restent aussi en contact avec Domino-Zentrum, et nous recommandent \u00e0 leurs amis et \u00e0 leur famille.<\/p>\n<p class=\"western\">Nous sommes ouverts aux nouvelles id\u00e9es et aux changements. Pour cela, nous attendons avec plaisir vos remarques et vos propositions d\u2019am\u00e9lioration. N\u2019h\u00e9sitez pas \u00e0 venir nous voir ou \u00e0 nous contacter par <a href=\"mailto:info@domino-zentrum.de\">e-mail<\/a>.<\/p>\n","protected":false},"excerpt":{"rendered":"<p>Domino-Zentrum f\u00fcr Bildung und Erziehung a \u00e9t\u00e9 fond\u00e9 en d\u00e9but d\u2019ann\u00e9e 2015 et registr\u00e9 en tant qu\u2019organisation \u00e0 but non-lucratif depuis le 1er janvier 2016. L\u2019objectif de notre association est d\u2019apporter notre soutien aux enfants, aux jeunes et aux adultes. Notre travail ne se r\u00e9duit pas \u00e0 la transmission de connaissances livresques. Nous attachons aussi&#8230;<\/p>\n","protected":false},"author":2,"featured_media":0,"parent":0,"menu_order":0,"comment_status":"closed","ping_status":"closed","template":"","meta":[],"_links":{"self":[{"href":"https:\/\/domino-zentrum.de\/index.php?rest_route=\/wp\/v2\/pages\/802"}],"collection":[{"href":"https:\/\/domino-zentrum.de\/index.php?rest_route=\/wp\/v2\/pages"}],"about":[{"href":"https:\/\/domino-zentrum.de\/index.php?rest_route=\/wp\/v2\/types\/page"}],"author":[{"embeddable":true,"href":"https:\/\/domino-zentrum.de\/index.php?rest_route=\/wp\/v2\/users\/2"}],"replies":[{"embeddable":true,"href":"https:\/\/domino-zentrum.de\/index.php?rest_route=%2Fwp%2Fv2%2Fcomments&post=802"}],"version-history":[{"count":5,"href":"https:\/\/domino-zentrum.de\/index.php?rest_route=\/wp\/v2\/pages\/802\/revisions"}],"predecessor-version":[{"id":855,"href":"https:\/\/domino-zentrum.de\/index.php?rest_route=\/wp\/v2\/pages\/802\/revisions\/855"}],"wp:attachment":[{"href":"https:\/\/domino-zentrum.de\/index.php?rest_route=%2Fwp%2Fv2%2Fmedia&parent=802"}],"curies":[{"name":"wp","href":"https:\/\/api.w.org\/{rel}","templated":true}]}}