{"id":796,"date":"2018-07-11T09:15:45","date_gmt":"2018-07-11T09:15:45","guid":{"rendered":"http:\/\/domino-zentrum.de\/?page_id=796"},"modified":"2018-07-11T09:57:45","modified_gmt":"2018-07-11T09:57:45","slug":"uber-uns-2","status":"publish","type":"page","link":"https:\/\/domino-zentrum.de\/?page_id=796","title":{"rendered":"\u00dcber uns"},"content":{"rendered":"<p class=\"western\">Das Domino-Zentrum f\u00fcr Bildung und Erziehung wurde im Fr\u00fchjahr 2015 gegr\u00fcndet, seit 1. Januar 2016 ist es ein eingetragener gemeinn\u00fctziger Verein. Ziel dieses Vereins ist die F\u00f6rderung von Kindern, Jugendlichen und Erwachsenen. Dies beschr\u00e4nkt sich nicht auf die reine Vermittlung von Sprachkenntnissen und Schulwissen, sondern beinhaltet auch soziale und integrative Elemente. Dadurch unterscheidet es sich von anderen Sprachschulen, Nachhilfeinstituten und \u00e4hnlichen Einrichtungen.<\/p>\n<p class=\"western\"><b>Deutschkurse<\/b><br \/>\nUnser Augenmerk bei den Sprachkursen liegt auf verschiedenen Aspekten. Hauptinhalt ist selbstverst\u00e4ndlich die intensive Vermittlung von Sprachkenntnissen, die es den Teilnehmerinnen und Teilnehmern innerhalb kurzer Zeit erm\u00f6glicht, sich im Alltag zu verst\u00e4ndigen und Sprachpr\u00fcfungen f\u00fcr die Aus\u00fcbung ihres Berufs oder die Aufnahme eines Studiums abzulegen. Dar\u00fcber hinaus ist es uns der interkulturelle Austausch und die Integration ein wichtiges Anliegen. Durch kleinere Kursgr\u00f6\u00dfen als bei vielen anderen Sprachschulen entsteht in der Regel schnell ein Wir-Gef\u00fchl. Menschen aus unterschiedlichen L\u00e4ndern, sozialen Schichten und Altersgruppen, lernen einander kennen und sch\u00e4tzen. Es entstehen Freundschaften, die h\u00e4ufig noch Jahre nach Ende des Sprachkurses bestehen. Man tauscht sich \u00fcber Erfahrungen der ersten Monate in Deutschland und Zukunftsw\u00fcnsche aus, gibt Tipps f\u00fcr den Alltag&#8230; und tut das, wie selbstverst\u00e4ndlich, auf Deutsch. Auch zum Domino-Zentrum halten viele Ehemalige den Kontakt, kommen vorbei und empfehlen uns ihren Freunden und Verwandten.<\/p>\n<p class=\"western\"><b>Nachhilfe<\/b><br \/>\nIm Bereich der Nachhilfe und Hausaufgabenhilfe geht es prim\u00e4r darum, Wissensl\u00fccken zu f\u00fcllen und schulische Leistungen zu verbessern. Daneben bieten wir den Sch\u00fclerinnen und Sch\u00fclern auch Hilfe und Unterst\u00fctzung bei anderen Fragen, zum Beispiel bei der Suche nach einem geeigneten Praktikumsplatz oder der Entscheidung, welche weiterf\u00fchrende Schule die richtige ist. Hierbei ist uns eine enge Zusammenarbeit mit den Eltern sehr wichtig.<\/p>\n<p class=\"western\"><b>Feedback<\/b><br \/>\nAls junger Verein sind wir offen f\u00fcr neue Ideen und Ver\u00e4nderungen. Wir freuen uns daher \u00fcber Ihre Anregungen, Kritik oder andere Formen der Unterst\u00fctzung. Bitte sprechen Sie uns an oder kontaktieren uns per <a href=\"mailto:info@domino-zentrum.de\">E-Mail<\/a>.<\/p>\n","protected":false},"excerpt":{"rendered":"<p>Das Domino-Zentrum f\u00fcr Bildung und Erziehung wurde im Fr\u00fchjahr 2015 gegr\u00fcndet, seit 1. Januar 2016 ist es ein eingetragener gemeinn\u00fctziger Verein. Ziel dieses Vereins ist die F\u00f6rderung von Kindern, Jugendlichen und Erwachsenen. Dies beschr\u00e4nkt sich nicht auf die reine Vermittlung von Sprachkenntnissen und Schulwissen, sondern beinhaltet auch soziale und integrative Elemente. Dadurch unterscheidet es sich&#8230;<\/p>\n","protected":false},"author":2,"featured_media":0,"parent":0,"menu_order":0,"comment_status":"closed","ping_status":"closed","template":"","meta":[],"_links":{"self":[{"href":"https:\/\/domino-zentrum.de\/index.php?rest_route=\/wp\/v2\/pages\/796"}],"collection":[{"href":"https:\/\/domino-zentrum.de\/index.php?rest_route=\/wp\/v2\/pages"}],"about":[{"href":"https:\/\/domino-zentrum.de\/index.php?rest_route=\/wp\/v2\/types\/page"}],"author":[{"embeddable":true,"href":"https:\/\/domino-zentrum.de\/index.php?rest_route=\/wp\/v2\/users\/2"}],"replies":[{"embeddable":true,"href":"https:\/\/domino-zentrum.de\/index.php?rest_route=%2Fwp%2Fv2%2Fcomments&post=796"}],"version-history":[{"count":4,"href":"https:\/\/domino-zentrum.de\/index.php?rest_route=\/wp\/v2\/pages\/796\/revisions"}],"predecessor-version":[{"id":823,"href":"https:\/\/domino-zentrum.de\/index.php?rest_route=\/wp\/v2\/pages\/796\/revisions\/823"}],"wp:attachment":[{"href":"https:\/\/domino-zentrum.de\/index.php?rest_route=%2Fwp%2Fv2%2Fmedia&parent=796"}],"curies":[{"name":"wp","href":"https:\/\/api.w.org\/{rel}","templated":true}]}}