{"id":790,"date":"2018-07-11T09:13:32","date_gmt":"2018-07-11T09:13:32","guid":{"rendered":"http:\/\/domino-zentrum.de\/?page_id=790"},"modified":"2022-09-15T08:32:24","modified_gmt":"2022-09-15T06:32:24","slug":"berufssprachkurse-mit-zielsprachniveau-b2","status":"publish","type":"page","link":"https:\/\/domino-zentrum.de\/?page_id=790","title":{"rendered":"Berufssprachkurse mit Zielsprachniveau B2"},"content":{"rendered":"<p class=\"western\">Unsere Berufssprachkurse mit Zielsprachniveau B2 umfassen 400 bzw. 500 Unterrichtseinheiten sowie eine Zertifikatspr\u00fcfung, die innerhalb von ca. vier bzw. f\u00fcnf Monaten stattfinden.<\/p>\n<p class=\"western\">Die Kurse richten sich gezielt an dauerhaft in Deutschland lebende Ausl\u00e4nder (insbesondere auch an Asylbewerber mit guter Bleibeperspektive), an EU-B\u00fcrger sowie an deutsche Staatsangeh\u00f6rige, die nicht \u00fcber ausreichende deutsche Sprachkenntnisse f\u00fcr den Einstieg in den Arbeitsmarkt verf\u00fcgen.<\/p>\n<p class=\"western\">Voraussetzung ist ein abgeschlossener Integrationskurs und\/oder der Nachweis von Deutschkenntnissen auf dem Niveau B1 oder h\u00f6her.<\/p>\n<p class=\"western\">Ob eine Teilnahme f\u00fcr Sie infrage kommt, entscheiden die zust\u00e4ndigen Agenturen f\u00fcr Arbeit und Jobcenter. Wenden Sie sich dort an Ihre Beraterin bzw. Ihren Berater. Weitere Informationen finden Sie auch <a href=\"http:\/\/www.bamf.de\/DE\/Willkommen\/DeutschLernen\/DeutschBeruf\/Bundesprogramm-45a\/bundesprogramm-45a-node.html\" target=\"_blank\" rel=\"noopener noreferrer\">hier<\/a>.<\/p>\n<p class=\"western\"><strong>Anmeldung und Einstufungstest<\/strong><br \/>\nUm sich f\u00fcr einen Berufssprachkurs anzumelden, ben\u00f6tigen Sie folgende Dokumente:<\/p>\n<ul>\n<li class=\"western\">eine Berechtigung (bzw. Verpflichtung) von der Agentur f\u00fcr Arbeit bzw. dem Jobcenter<\/li>\n<li class=\"western\">ein Ausweisdokument<\/li>\n<li class=\"western\">ein aktuelles DTZ-Zertifikat (Niveaustufe B1; nicht \u00e4lter als sechs Monate)<\/li>\n<\/ul>\n<p>Sollten Sie kein aktuelles DTZ- bzw. anderes B1-Zertifikat haben, k\u00f6nnen Sie\u00a0vor der Anmeldung einen Einstufungstest machen, der ca. 60 Minuten dauert.<\/p>\n<p class=\"western\"><b>Unterrichtszeiten und Termine<\/b><br \/>\nDie Berufssprachkurse finden an folgenden Tagen und zu folgenden Zeiten statt:<\/p>\n<table style=\"width: 440px;\">\n<tbody>\n<tr>\n<td style=\"width: 140px;\">Unterrichtstage:<\/td>\n<td style=\"width: 300px;\">Montag \u2013 Freitag<\/td>\n<\/tr>\n<tr>\n<td style=\"width: 140px;\">Unterrichtszeiten:<\/td>\n<td style=\"width: 300px;\">08:30 Uhr \u2013 12:30 Uhr (Vormittagskurse)<br \/>\n13:00 Uhr \u2013 17:00 Uhr (Nachmittagskurse)<br \/>\n17:15 Uhr \u2013 21:15 Uhr (Abendkurse)<\/td>\n<\/tr>\n<\/tbody>\n<\/table>\n<p class=\"western\">\n<p class=\"western\"><strong>Kostenbeteiligung<\/strong><br \/>\nDie Berufssprachkurse sind Teil der Sprachf\u00f6rderung des Bundes und werden vom Bundesamt f\u00fcr Migration und Fl\u00fcchtlinge umgesetzt. Die Teilnahme an den Kursen ist daher f\u00fcr die meisten Sch\u00fclerinnen und Sch\u00fcler kostenfrei.<\/p>\n<p class=\"western\"><b>B\u00fccher<\/b><br \/>\nWir arbeiten derzeit mit der Reihe \u201eEinfach besser! Deutsch f\u00fcr den Beruf\u201c. Die B\u00fccher erhalten Sie von uns kostenfrei zu Kursbeginn.<\/p>\n","protected":false},"excerpt":{"rendered":"<p>Unsere Berufssprachkurse mit Zielsprachniveau B2 umfassen 400 bzw. 500 Unterrichtseinheiten sowie eine Zertifikatspr\u00fcfung, die innerhalb von ca. vier bzw. f\u00fcnf Monaten stattfinden. Die Kurse richten sich gezielt an dauerhaft in Deutschland lebende Ausl\u00e4nder (insbesondere auch an Asylbewerber mit guter Bleibeperspektive), an EU-B\u00fcrger sowie an deutsche Staatsangeh\u00f6rige, die nicht \u00fcber ausreichende deutsche Sprachkenntnisse f\u00fcr den Einstieg&#8230;<\/p>\n","protected":false},"author":2,"featured_media":0,"parent":0,"menu_order":0,"comment_status":"closed","ping_status":"closed","template":"","meta":[],"_links":{"self":[{"href":"https:\/\/domino-zentrum.de\/index.php?rest_route=\/wp\/v2\/pages\/790"}],"collection":[{"href":"https:\/\/domino-zentrum.de\/index.php?rest_route=\/wp\/v2\/pages"}],"about":[{"href":"https:\/\/domino-zentrum.de\/index.php?rest_route=\/wp\/v2\/types\/page"}],"author":[{"embeddable":true,"href":"https:\/\/domino-zentrum.de\/index.php?rest_route=\/wp\/v2\/users\/2"}],"replies":[{"embeddable":true,"href":"https:\/\/domino-zentrum.de\/index.php?rest_route=%2Fwp%2Fv2%2Fcomments&post=790"}],"version-history":[{"count":32,"href":"https:\/\/domino-zentrum.de\/index.php?rest_route=\/wp\/v2\/pages\/790\/revisions"}],"predecessor-version":[{"id":1100,"href":"https:\/\/domino-zentrum.de\/index.php?rest_route=\/wp\/v2\/pages\/790\/revisions\/1100"}],"wp:attachment":[{"href":"https:\/\/domino-zentrum.de\/index.php?rest_route=%2Fwp%2Fv2%2Fmedia&parent=790"}],"curies":[{"name":"wp","href":"https:\/\/api.w.org\/{rel}","templated":true}]}}