{"id":788,"date":"2018-07-11T09:12:58","date_gmt":"2018-07-11T09:12:58","guid":{"rendered":"http:\/\/domino-zentrum.de\/?page_id=788"},"modified":"2024-01-30T09:17:08","modified_gmt":"2024-01-30T08:17:08","slug":"intensivkurse-niveaustufen-a1-bis-c1","status":"publish","type":"page","link":"https:\/\/domino-zentrum.de\/?page_id=788","title":{"rendered":"Intensivkurse (Niveaustufen A1 bis C1)"},"content":{"rendered":"<p class=\"western\">Unsere Intensivkurse bestehen aus zwei Modulen pro Niveaustufe, die jeweils vier Wochen dauern und insgesamt 160 Unterrichtseinheiten umfassen. Neue Kurse auf allen Niveaustufen beginnen in der Regel alle zwei Monate.<\/p>\n<p class=\"western\">Innerhalb kurzer Zeit lernen Sie Grammatik, Wortschatz und Kommunikationsmittel. Au\u00dferdem erfahren Sie viel Interessantes \u00fcber die deutsche Kultur, Gesellschaft und Mentalit\u00e4t. Unsere kleinen Lerngruppen und das individuelle Engagement unserer Lehrkr\u00e4fte sorgen daf\u00fcr, dass sich Ihre Sprachkenntnisse schnell verbessern. Zudem lernen Sie Menschen aus den unterschiedlichsten L\u00e4ndern und Kulturkreisen kennen.<\/p>\n<p class=\"western\">Wenn Sie bereits Vorkenntnisse besitzen, aber nicht sicher sind, welche Niveaustufe f\u00fcr Sie am geeignetsten ist, sprechen Sie uns an und machen einen kostenlosen Einstufungstest.<\/p>\n<p class=\"western\"><b>Unterrichtszeiten<\/b><br \/>\nUnsere Intensivkurse finden an vier bzw. f\u00fcnf Tagen die Woche zu folgenden Zeiten statt:<\/p>\n<table style=\"width: 600px;\">\n<tbody>\n<tr>\n<td style=\"width: 300px;\">Morgenkurs<\/td>\n<td style=\"width: 300px;\">08:30 Uhr \u2013 12:30 Uhr<\/td>\n<\/tr>\n<tr>\n<td style=\"width: 300px;\">Mittagskurs<\/td>\n<td style=\"width: 300px;\">13:00 Uhr \u2013 17:00 Uhr<\/td>\n<\/tr>\n<tr>\n<td style=\"width: 300px;\">Abendkurs<\/td>\n<td style=\"width: 300px;\">17:15 Uhr \u2013 21:15 Uhr<\/td>\n<\/tr>\n<\/tbody>\n<\/table>\n<p class=\"western\"><b>Kurstermine<\/b><br \/>\nNicht zu allen Terminen finden alle Kurse in allen Modulen statt. Bitte erkundigen Sie sich fr\u00fchzeitig und teilen Sie uns mit, welches Niveau Sie besuchen m\u00f6chten.<\/p>\n<p class=\"western\"><b>B\u00fccher<\/b><br \/>\nDerzeit benutzen wir folgende B\u00fccher in unseren Deutschkursen:<\/p>\n<table style=\"width: 500px;\">\n<tbody>\n<tr>\n<td style=\"width: 140px;\">A1.1:<\/td>\n<td style=\"width: 360px;\">Schritte plus Neu 1 (ISBN 978-3-19-301081-0)<\/td>\n<\/tr>\n<tr>\n<td style=\"width: 140px;\">A1.2:<\/td>\n<td style=\"width: 360px;\">Schritte plus Neu 2 (ISBN 978-3-19-601081-7)<\/td>\n<\/tr>\n<tr>\n<td style=\"width: 140px;\">A2.1:<\/td>\n<td style=\"width: 360px;\">Schritte plus Neu 3 (ISBN 978-3-19-301083-4)<\/td>\n<\/tr>\n<tr>\n<td style=\"width: 140px;\">A2.2:<\/td>\n<td style=\"width: 360px;\">Schritte plus Neu 4 (ISBN 978-3-19-601083-1)<\/td>\n<\/tr>\n<tr>\n<td style=\"width: 140px;\">B1.1:<\/td>\n<td style=\"width: 360px;\">Schritte plus Neu 5 (ISBN 978-3-19-301085-8)<\/td>\n<\/tr>\n<tr>\n<td style=\"width: 140px;\">B1.2:<\/td>\n<td style=\"width: 360px;\">Schritte plus Neu 6 (ISBN 978-3-19-601085-5)<\/td>\n<\/tr>\n<tr>\n<td style=\"width: 50px;\">B2.1\/B2.2:<\/td>\n<td style=\"width: 450px;\">Erkundungen B2 (ISBN 978-3-941323-24-7)<\/td>\n<\/tr>\n<tr>\n<td style=\"width: 50px;\">C1.1\/C1.2:<\/td>\n<td style=\"width: 450px;\">Erkundungen C1 (ISBN 978-3-929526-97-4)<\/td>\n<\/tr>\n<\/tbody>\n<\/table>\n<p class=\"western\">Bitte kaufen Sie Ihre B\u00fccher vor Kursbeginn. Bitte\u00a0installieren Sie f\u00fcr die Kurse A1 bis B1 au\u00dferdem die kostenlose App zum Sprachkurs (<a href=\"https:\/\/www.hueber.de\/schritte-plus-neu\/app\">hier<\/a>) bzw. zum Orientierungskurs (<a href=\"https:\/\/www.hueber.de\/orientierungskurs\/app\">hier<\/a>)\u00a0und laden die Audio-\/Video-Dateien.<\/p>\n","protected":false},"excerpt":{"rendered":"<p>Unsere Intensivkurse bestehen aus zwei Modulen pro Niveaustufe, die jeweils vier Wochen dauern und insgesamt 160 Unterrichtseinheiten umfassen. Neue Kurse auf allen Niveaustufen beginnen in der Regel alle zwei Monate. Innerhalb kurzer Zeit lernen Sie Grammatik, Wortschatz und Kommunikationsmittel. Au\u00dferdem erfahren Sie viel Interessantes \u00fcber die deutsche Kultur, Gesellschaft und Mentalit\u00e4t. Unsere kleinen Lerngruppen und&#8230;<\/p>\n","protected":false},"author":2,"featured_media":0,"parent":0,"menu_order":0,"comment_status":"closed","ping_status":"closed","template":"","meta":[],"_links":{"self":[{"href":"https:\/\/domino-zentrum.de\/index.php?rest_route=\/wp\/v2\/pages\/788"}],"collection":[{"href":"https:\/\/domino-zentrum.de\/index.php?rest_route=\/wp\/v2\/pages"}],"about":[{"href":"https:\/\/domino-zentrum.de\/index.php?rest_route=\/wp\/v2\/types\/page"}],"author":[{"embeddable":true,"href":"https:\/\/domino-zentrum.de\/index.php?rest_route=\/wp\/v2\/users\/2"}],"replies":[{"embeddable":true,"href":"https:\/\/domino-zentrum.de\/index.php?rest_route=%2Fwp%2Fv2%2Fcomments&post=788"}],"version-history":[{"count":10,"href":"https:\/\/domino-zentrum.de\/index.php?rest_route=\/wp\/v2\/pages\/788\/revisions"}],"predecessor-version":[{"id":1113,"href":"https:\/\/domino-zentrum.de\/index.php?rest_route=\/wp\/v2\/pages\/788\/revisions\/1113"}],"wp:attachment":[{"href":"https:\/\/domino-zentrum.de\/index.php?rest_route=%2Fwp%2Fv2%2Fmedia&parent=788"}],"curies":[{"name":"wp","href":"https:\/\/api.w.org\/{rel}","templated":true}]}}