{"id":786,"date":"2018-07-11T09:12:08","date_gmt":"2018-07-11T09:12:08","guid":{"rendered":"http:\/\/domino-zentrum.de\/?page_id=786"},"modified":"2020-07-27T13:47:09","modified_gmt":"2020-07-27T11:47:09","slug":"deutschkurse","status":"publish","type":"page","link":"https:\/\/domino-zentrum.de\/?page_id=786","title":{"rendered":"Deutschkurse"},"content":{"rendered":"<p class=\"western\">Egal, ob man zum Studieren, zum Arbeiten oder aus famili\u00e4ren Gr\u00fcnden in ein anderes Land zieht: Gute Sprachkenntnisse sind ein wichtiger Schritt, um sich zu integrieren, eine gute Arbeit zu finden und sich einen Freundeskreis aufzubauen.<\/p>\n<p class=\"western\">Unser Angebot umfasst folgende Kursarten:<\/p>\n<p class=\"western\"><a href=\"https:\/\/domino-zentrum.de\/?p=788\"><b>Intensivkurse (Niveaustufen A1 bis C1):<\/b><\/a><br \/>\nDiese Kurse stehen allen Interessierten offen, die ihre Deutschkenntnisse verbessern wollen.<\/p>\n<p class=\"western\"><a href=\"https:\/\/domino-zentrum.de\/?page_id=968\"><b>Integrationskurse:<\/b><\/a><br \/>\nDiese Kurse richten sich gezielt an dauerhaft in Deutschland lebende Ausl\u00e4nder, die nicht \u00fcber ausreichende Deutschkenntnisse verf\u00fcgen.<\/p>\n<p class=\"western\"><a href=\"https:\/\/domino-zentrum.de\/?p=790\"><b>Berufsbezogene Sprachkurse mit Zielsprachniveau B2:<\/b><\/a><br \/>\nDiese Kurse richten sich gezielt an dauerhaft in Deutschland lebende Ausl\u00e4nder, die sich auf einen Einstieg in den Arbeitsmarkt vorbereiten m\u00fcssen.<\/p>\n<p class=\"western\"><a href=\"https:\/\/domino-zentrum.de\/?p=893\"><b>Berufsbezogene Sprachkurse mit Zielsprachniveau C1:<\/b><\/a><br \/>\nDiese Kurse richten sich gezielt an dauerhaft in Deutschland lebende Ausl\u00e4nder, die sich auf einen Einstieg in den Arbeitsmarkt vorbereiten m\u00fcssen.<\/p>\n<p class=\"western\"><a href=\"https:\/\/domino-zentrum.de\/?p=792\"><b>individuelle F\u00f6rderung:<\/b><\/a><br \/>\nWenn Sie sich gezielt auf eine Sprachpr\u00fcfung vorbereiten, bieten wir Ihnen auch individuelle Kurse im Einzelunterricht an.<\/p>\n<p class=\"western\">Sie sind sich nicht sicher, welche Kursart und welche Niveaustufe f\u00fcr Sie geeignet sind? Sprechen Sie uns an und machen Sie einen kostenlosen Einstufungstest. Weitere Informationen zu den verschiedenen Niveaustufen finden Sie <a href=\"http:\/\/www.europaeischer-referenzrahmen.de\/\" target=\"_blank\" rel=\"noopener noreferrer\">hier<\/a>.<\/p>\n","protected":false},"excerpt":{"rendered":"<p>Egal, ob man zum Studieren, zum Arbeiten oder aus famili\u00e4ren Gr\u00fcnden in ein anderes Land zieht: Gute Sprachkenntnisse sind ein wichtiger Schritt, um sich zu integrieren, eine gute Arbeit zu finden und sich einen Freundeskreis aufzubauen. Unser Angebot umfasst folgende Kursarten: Intensivkurse (Niveaustufen A1 bis C1): Diese Kurse stehen allen Interessierten offen, die ihre Deutschkenntnisse&#8230;<\/p>\n","protected":false},"author":2,"featured_media":0,"parent":0,"menu_order":0,"comment_status":"closed","ping_status":"closed","template":"","meta":[],"_links":{"self":[{"href":"https:\/\/domino-zentrum.de\/index.php?rest_route=\/wp\/v2\/pages\/786"}],"collection":[{"href":"https:\/\/domino-zentrum.de\/index.php?rest_route=\/wp\/v2\/pages"}],"about":[{"href":"https:\/\/domino-zentrum.de\/index.php?rest_route=\/wp\/v2\/types\/page"}],"author":[{"embeddable":true,"href":"https:\/\/domino-zentrum.de\/index.php?rest_route=\/wp\/v2\/users\/2"}],"replies":[{"embeddable":true,"href":"https:\/\/domino-zentrum.de\/index.php?rest_route=%2Fwp%2Fv2%2Fcomments&post=786"}],"version-history":[{"count":6,"href":"https:\/\/domino-zentrum.de\/index.php?rest_route=\/wp\/v2\/pages\/786\/revisions"}],"predecessor-version":[{"id":1036,"href":"https:\/\/domino-zentrum.de\/index.php?rest_route=\/wp\/v2\/pages\/786\/revisions\/1036"}],"wp:attachment":[{"href":"https:\/\/domino-zentrum.de\/index.php?rest_route=%2Fwp%2Fv2%2Fmedia&parent=786"}],"curies":[{"name":"wp","href":"https:\/\/api.w.org\/{rel}","templated":true}]}}